{"id":50294,"date":"2019-12-20T13:39:47","date_gmt":"2019-12-20T12:39:47","guid":{"rendered":"https:\/\/old.unisg.oiss.io\/?page_id=50294"},"modified":"2022-06-20T16:22:39","modified_gmt":"2022-06-20T14:22:39","slug":"exploring-bread-a-look-behind-the-loaf","status":"publish","type":"page","link":"https:\/\/old.unisg.oiss.io\/en\/programs-admissions\/training-experience\/summer-school\/exploring-bread-a-look-behind-the-loaf\/","title":{"rendered":"Exploring Bread: A Look Behind the Loaf"},"content":{"rendered":"<p><img loading=\"lazy\" decoding=\"async\" class=\"aligncenter size-full wp-image-50283\" src=\"https:\/\/old.unisg.oiss.io\/assets\/summer_school_bread_1600x610px2.jpg\" alt=\"\" width=\"1600\" height=\"610\" srcset=\"https:\/\/old.unisg.oiss.io\/assets\/summer_school_bread_1600x610px2.jpg 1600w, https:\/\/old.unisg.oiss.io\/assets\/summer_school_bread_1600x610px2-300x114.jpg 300w, https:\/\/old.unisg.oiss.io\/assets\/summer_school_bread_1600x610px2-1024x390.jpg 1024w, https:\/\/old.unisg.oiss.io\/assets\/summer_school_bread_1600x610px2-768x293.jpg 768w, https:\/\/old.unisg.oiss.io\/assets\/summer_school_bread_1600x610px2-1536x586.jpg 1536w, https:\/\/old.unisg.oiss.io\/assets\/summer_school_bread_1600x610px2-800x305.jpg 800w, https:\/\/old.unisg.oiss.io\/assets\/summer_school_bread_1600x610px2-400x153.jpg 400w\" sizes=\"auto, (max-width: 1600px) 100vw, 1600px\" \/><\/p>\n<h6><em>* Please note that the details of this program are subject to change<\/em><\/h6>\n<hr \/>\n<h5>Questo corso \u00e8 rivolto agli appassionati della panificazione che intendono approfondire l\u2019universo del pane, con una vista che abbraccia l\u2019intera filiera, dai campi di grano alla pagnotta.<\/h5>\n<p>4 giorni di immersione nel mondo del pane, alla scoperta della sua storia e dei suoi valori simbolici, degli aspetti nutrizionali, agronomici e microbiologici\u00a0delle sue materie prime.<\/p>\n<p>Seminari si alterneranno a laboratori, cooking class, testimonianze di progetti innovativi e momenti di convivialit\u00e0 e networking!<\/p>\n<p>Nel Food Lab si metteranno \u201cle mani in pasta\u201d, preparando diversi tipi di impasti\u00a0sotto la guida di professionisti. Nel\u00a0Laboratorio di Analisi Sensoriale\u00a0si apprender\u00e0 a riconoscere qualit\u00e0 e difetti di diversi tipi di pane. Nel percorso formativo \u00e8 inclusa una visita ad un\u2019azienda agricola e ad un mulino, per un percorso dal vivo dal chicco di grano alla pagnotta.<br \/>\nIn un workshop a tema imprenditorialit\u00e0 ex studenti di UNISG condivideranno la loro esperienza di creazione della loro innovativa impresa fornendo un esempio vivo di cosa significa fare impresa in modo sostenibile.<\/p>\n<hr \/>\n<p><strong>Date corso:<\/strong> TBD<\/p>\n<p><strong>Lingua:<\/strong> Italiano<\/p>\n<p><strong>Costo iscrizione <u>con tutto incluso<\/u>:<\/strong> 1.500\u20ac +IVA 22%: include tutte le attivit\u00e0 indicate nel programma (lezioni, visite, attivit\u00e0 in cucina, trasporto durante il corso, tutti i pasti, alloggio per 4 notti a Pollenzo)<\/p>\n<p><strong>Costo iscrizione <u>escluso cene e alloggio<\/u>:<\/strong> 1200\u20ac +IVA 22%<\/p>\n<p><b>Ulteriori informazioni &gt;<\/b> <a href=\"mailto:summerschool@unisg.it\" target=\"_blank\" rel=\"noopener noreferrer\"><span style=\"font-weight: 400;\">summerschool@unisg.it<\/span><\/a><\/p>\n<p>&nbsp;<\/p>\n<h3><a href=\"https:\/\/old.unisg.oiss.io\/assets\/Summer-School-UNISG_2022_Esplorare-il-pane.pdf\" target=\"_blank\" rel=\"noopener\">Scarica il programma &gt;<\/a><\/h3>\n<form action=\"https:\/\/www.paypal.com\/cgi-bin\/webscr\" method=\"post\" target=\"_top\">&nbsp;<\/p>\n<hr \/>\n<p><a href=\"https:\/\/old.unisg.oiss.io\/summer-school\/registration-form-summer-school-2020\/\"><img loading=\"lazy\" decoding=\"async\" class=\"aligncenter size-full wp-image-24866\" src=\"https:\/\/old.unisg.oiss.io\/assets\/bottone_apply_now_unisg_2017.jpg\" alt=\"\" width=\"250\" height=\"70\" \/><\/a><\/p>\n<\/form>\n<p>&nbsp;<\/p>\n<form action=\"https:\/\/www.paypal.com\/cgi-bin\/webscr\" method=\"post\" target=\"_top\"><\/form>\n","protected":false},"excerpt":{"rendered":"<p>* Please note that the details of this program are subject to change Questo corso \u00e8 rivolto agli appassionati della panificazione che intendono approfondire l\u2019universo del pane, con una vista che abbraccia l\u2019intera filiera, dai campi di grano alla pagnotta. 4 giorni di immersione nel mondo del pane, alla scoperta della sua storia e dei &hellip; <a class=\"read-more\" href=\"https:\/\/old.unisg.oiss.io\/en\/programs-admissions\/training-experience\/summer-school\/exploring-bread-a-look-behind-the-loaf\/\">&#8230;read more<\/a><\/p>\n","protected":false},"author":22331,"featured_media":0,"parent":44564,"menu_order":0,"comment_status":"closed","ping_status":"closed","template":"","meta":{"_acf_changed":false,"footnotes":""},"class_list":["post-50294","page","type-page","status-publish","hentry"],"acf":[],"yoast_head":"<!-- This site is optimized with the Yoast SEO plugin v25.4 - https:\/\/yoast.com\/wordpress\/plugins\/seo\/ -->\n<title>Exploring Bread: A Look Behind the Loaf - UNISG - University of Gastronomic Sciences<\/title>\n<meta name=\"description\" content=\"* Please note that the details of this program are subject to change Questo corso \u00e8 rivolto agli appassionati della panificazione che intendono\" \/>\n<meta name=\"robots\" content=\"noindex, follow, max-snippet:-1, max-image-preview:large, max-video-preview:-1\" \/>\n<meta property=\"og:locale\" content=\"en_US\" \/>\n<meta property=\"og:type\" content=\"article\" \/>\n<meta property=\"og:title\" content=\"The Summer School of the University of Gastronomic Sciences\" \/>\n<meta property=\"og:description\" content=\"Rising to the occasion, like a fresh yeast dough, this program is aimed at bread lovers and baking professionals who want to look behind the finished loaf and into a world of wheat fields, flour mills and bread ovens.\" \/>\n<meta property=\"og:url\" content=\"https:\/\/old.unisg.oiss.io\/en\/programs-admissions\/training-experience\/summer-school\/exploring-bread-a-look-behind-the-loaf\/\" \/>\n<meta property=\"og:site_name\" content=\"UNISG - University of Gastronomic Sciences\" \/>\n<meta property=\"article:publisher\" content=\"https:\/\/www.facebook.com\/UNISG.University.of.Gastronomic.Sciences\" \/>\n<meta property=\"article:modified_time\" content=\"2022-06-20T14:22:39+00:00\" \/>\n<meta property=\"og:image\" content=\"https:\/\/old.unisg.oiss.io\/assets\/summer_school_bread_1600x610px2.jpg\" \/>\n\t<meta property=\"og:image:width\" content=\"1600\" \/>\n\t<meta property=\"og:image:height\" content=\"610\" \/>\n\t<meta property=\"og:image:type\" content=\"image\/jpeg\" \/>\n<meta name=\"twitter:card\" content=\"summary_large_image\" \/>\n<meta name=\"twitter:title\" content=\"The Summer School of the University of Gastronomic Sciences\" \/>\n<meta name=\"twitter:description\" content=\"Rising to the occasion, like a fresh yeast dough, this program is aimed at bread lovers and baking professionals who want to look behind the finished loaf and into a world of wheat fields, flour mills and bread ovens.\" \/>\n<meta name=\"twitter:image\" content=\"https:\/\/old.unisg.oiss.io\/assets\/summer_school_bread_1600x610px2.jpg\" \/>\n<meta name=\"twitter:site\" content=\"@unisg\" \/>\n<meta name=\"twitter:label1\" content=\"Est. reading time\" \/>\n\t<meta name=\"twitter:data1\" content=\"2 minutes\" \/>\n<script type=\"application\/ld+json\" class=\"yoast-schema-graph\">{\"@context\":\"https:\/\/schema.org\",\"@graph\":[{\"@type\":\"WebPage\",\"@id\":\"https:\/\/old.unisg.oiss.io\/en\/programs-admissions\/training-experience\/summer-school\/exploring-bread-a-look-behind-the-loaf\/\",\"url\":\"https:\/\/old.unisg.oiss.io\/en\/programs-admissions\/training-experience\/summer-school\/exploring-bread-a-look-behind-the-loaf\/\",\"name\":\"Exploring Bread: A Look Behind the Loaf - UNISG - University of Gastronomic Sciences\",\"isPartOf\":{\"@id\":\"https:\/\/old.unisg.oiss.io\/en\/#website\"},\"primaryImageOfPage\":{\"@id\":\"https:\/\/old.unisg.oiss.io\/en\/programs-admissions\/training-experience\/summer-school\/exploring-bread-a-look-behind-the-loaf\/#primaryimage\"},\"image\":{\"@id\":\"https:\/\/old.unisg.oiss.io\/en\/programs-admissions\/training-experience\/summer-school\/exploring-bread-a-look-behind-the-loaf\/#primaryimage\"},\"thumbnailUrl\":\"https:\/\/old.unisg.oiss.io\/assets\/summer_school_bread_1600x610px2.jpg\",\"datePublished\":\"2019-12-20T12:39:47+00:00\",\"dateModified\":\"2022-06-20T14:22:39+00:00\",\"description\":\"* Please note that the details of this program are subject to change Questo corso \u00e8 rivolto agli appassionati della panificazione che intendono\",\"breadcrumb\":{\"@id\":\"https:\/\/old.unisg.oiss.io\/en\/programs-admissions\/training-experience\/summer-school\/exploring-bread-a-look-behind-the-loaf\/#breadcrumb\"},\"inLanguage\":\"en-US\",\"potentialAction\":[{\"@type\":\"ReadAction\",\"target\":[\"https:\/\/old.unisg.oiss.io\/en\/programs-admissions\/training-experience\/summer-school\/exploring-bread-a-look-behind-the-loaf\/\"]}]},{\"@type\":\"ImageObject\",\"inLanguage\":\"en-US\",\"@id\":\"https:\/\/old.unisg.oiss.io\/en\/programs-admissions\/training-experience\/summer-school\/exploring-bread-a-look-behind-the-loaf\/#primaryimage\",\"url\":\"https:\/\/old.unisg.oiss.io\/assets\/summer_school_bread_1600x610px2.jpg\",\"contentUrl\":\"https:\/\/old.unisg.oiss.io\/assets\/summer_school_bread_1600x610px2.jpg\"},{\"@type\":\"BreadcrumbList\",\"@id\":\"https:\/\/old.unisg.oiss.io\/en\/programs-admissions\/training-experience\/summer-school\/exploring-bread-a-look-behind-the-loaf\/#breadcrumb\",\"itemListElement\":[{\"@type\":\"ListItem\",\"position\":1,\"name\":\"Home\",\"item\":\"https:\/\/old.unisg.oiss.io\/en\/\"},{\"@type\":\"ListItem\",\"position\":2,\"name\":\"Programs &#038; Admissions\",\"item\":\"https:\/\/old.unisg.oiss.io\/en\/programs-admissions\/\"},{\"@type\":\"ListItem\",\"position\":3,\"name\":\"Training &#038; Experience\",\"item\":\"https:\/\/old.unisg.oiss.io\/en\/programs-admissions\/training-experience\/\"},{\"@type\":\"ListItem\",\"position\":4,\"name\":\"Summer School\",\"item\":\"https:\/\/old.unisg.oiss.io\/en\/programs-admissions\/training-experience\/summer-school\/\"},{\"@type\":\"ListItem\",\"position\":5,\"name\":\"Exploring Bread: A Look Behind the Loaf\"}]},{\"@type\":\"WebSite\",\"@id\":\"https:\/\/old.unisg.oiss.io\/en\/#website\",\"url\":\"https:\/\/old.unisg.oiss.io\/en\/\",\"name\":\"UNISG - University of Gastronomic Sciences\",\"description\":\"University of Gastronomic Sciences\",\"potentialAction\":[{\"@type\":\"SearchAction\",\"target\":{\"@type\":\"EntryPoint\",\"urlTemplate\":\"https:\/\/old.unisg.oiss.io\/en\/?s={search_term_string}\"},\"query-input\":{\"@type\":\"PropertyValueSpecification\",\"valueRequired\":true,\"valueName\":\"search_term_string\"}}],\"inLanguage\":\"en-US\"}]}<\/script>\n<!-- \/ Yoast SEO plugin. -->","yoast_head_json":{"title":"Exploring Bread: A Look Behind the Loaf - UNISG - University of Gastronomic Sciences","description":"* Please note that the details of this program are subject to change Questo corso \u00e8 rivolto agli appassionati della panificazione che intendono","robots":{"index":"noindex","follow":"follow","max-snippet":"max-snippet:-1","max-image-preview":"max-image-preview:large","max-video-preview":"max-video-preview:-1"},"og_locale":"en_US","og_type":"article","og_title":"The Summer School of the University of Gastronomic Sciences","og_description":"Rising to the occasion, like a fresh yeast dough, this program is aimed at bread lovers and baking professionals who want to look behind the finished loaf and into a world of wheat fields, flour mills and bread ovens.","og_url":"https:\/\/old.unisg.oiss.io\/en\/programs-admissions\/training-experience\/summer-school\/exploring-bread-a-look-behind-the-loaf\/","og_site_name":"UNISG - University of Gastronomic Sciences","article_publisher":"https:\/\/www.facebook.com\/UNISG.University.of.Gastronomic.Sciences","article_modified_time":"2022-06-20T14:22:39+00:00","og_image":[{"width":1600,"height":610,"url":"https:\/\/old.unisg.oiss.io\/assets\/summer_school_bread_1600x610px2.jpg","type":"image\/jpeg"}],"twitter_card":"summary_large_image","twitter_title":"The Summer School of the University of Gastronomic Sciences","twitter_description":"Rising to the occasion, like a fresh yeast dough, this program is aimed at bread lovers and baking professionals who want to look behind the finished loaf and into a world of wheat fields, flour mills and bread ovens.","twitter_image":"https:\/\/old.unisg.oiss.io\/assets\/summer_school_bread_1600x610px2.jpg","twitter_site":"@unisg","twitter_misc":{"Est. reading time":"2 minutes"},"schema":{"@context":"https:\/\/schema.org","@graph":[{"@type":"WebPage","@id":"https:\/\/old.unisg.oiss.io\/en\/programs-admissions\/training-experience\/summer-school\/exploring-bread-a-look-behind-the-loaf\/","url":"https:\/\/old.unisg.oiss.io\/en\/programs-admissions\/training-experience\/summer-school\/exploring-bread-a-look-behind-the-loaf\/","name":"Exploring Bread: A Look Behind the Loaf - UNISG - University of Gastronomic Sciences","isPartOf":{"@id":"https:\/\/old.unisg.oiss.io\/en\/#website"},"primaryImageOfPage":{"@id":"https:\/\/old.unisg.oiss.io\/en\/programs-admissions\/training-experience\/summer-school\/exploring-bread-a-look-behind-the-loaf\/#primaryimage"},"image":{"@id":"https:\/\/old.unisg.oiss.io\/en\/programs-admissions\/training-experience\/summer-school\/exploring-bread-a-look-behind-the-loaf\/#primaryimage"},"thumbnailUrl":"https:\/\/old.unisg.oiss.io\/assets\/summer_school_bread_1600x610px2.jpg","datePublished":"2019-12-20T12:39:47+00:00","dateModified":"2022-06-20T14:22:39+00:00","description":"* Please note that the details of this program are subject to change Questo corso \u00e8 rivolto agli appassionati della panificazione che intendono","breadcrumb":{"@id":"https:\/\/old.unisg.oiss.io\/en\/programs-admissions\/training-experience\/summer-school\/exploring-bread-a-look-behind-the-loaf\/#breadcrumb"},"inLanguage":"en-US","potentialAction":[{"@type":"ReadAction","target":["https:\/\/old.unisg.oiss.io\/en\/programs-admissions\/training-experience\/summer-school\/exploring-bread-a-look-behind-the-loaf\/"]}]},{"@type":"ImageObject","inLanguage":"en-US","@id":"https:\/\/old.unisg.oiss.io\/en\/programs-admissions\/training-experience\/summer-school\/exploring-bread-a-look-behind-the-loaf\/#primaryimage","url":"https:\/\/old.unisg.oiss.io\/assets\/summer_school_bread_1600x610px2.jpg","contentUrl":"https:\/\/old.unisg.oiss.io\/assets\/summer_school_bread_1600x610px2.jpg"},{"@type":"BreadcrumbList","@id":"https:\/\/old.unisg.oiss.io\/en\/programs-admissions\/training-experience\/summer-school\/exploring-bread-a-look-behind-the-loaf\/#breadcrumb","itemListElement":[{"@type":"ListItem","position":1,"name":"Home","item":"https:\/\/old.unisg.oiss.io\/en\/"},{"@type":"ListItem","position":2,"name":"Programs &#038; Admissions","item":"https:\/\/old.unisg.oiss.io\/en\/programs-admissions\/"},{"@type":"ListItem","position":3,"name":"Training &#038; Experience","item":"https:\/\/old.unisg.oiss.io\/en\/programs-admissions\/training-experience\/"},{"@type":"ListItem","position":4,"name":"Summer School","item":"https:\/\/old.unisg.oiss.io\/en\/programs-admissions\/training-experience\/summer-school\/"},{"@type":"ListItem","position":5,"name":"Exploring Bread: A Look Behind the Loaf"}]},{"@type":"WebSite","@id":"https:\/\/old.unisg.oiss.io\/en\/#website","url":"https:\/\/old.unisg.oiss.io\/en\/","name":"UNISG - University of Gastronomic Sciences","description":"University of Gastronomic Sciences","potentialAction":[{"@type":"SearchAction","target":{"@type":"EntryPoint","urlTemplate":"https:\/\/old.unisg.oiss.io\/en\/?s={search_term_string}"},"query-input":{"@type":"PropertyValueSpecification","valueRequired":true,"valueName":"search_term_string"}}],"inLanguage":"en-US"}]}},"_links":{"self":[{"href":"https:\/\/old.unisg.oiss.io\/en\/wp-json\/wp\/v2\/pages\/50294","targetHints":{"allow":["GET"]}}],"collection":[{"href":"https:\/\/old.unisg.oiss.io\/en\/wp-json\/wp\/v2\/pages"}],"about":[{"href":"https:\/\/old.unisg.oiss.io\/en\/wp-json\/wp\/v2\/types\/page"}],"author":[{"embeddable":true,"href":"https:\/\/old.unisg.oiss.io\/en\/wp-json\/wp\/v2\/users\/22331"}],"replies":[{"embeddable":true,"href":"https:\/\/old.unisg.oiss.io\/en\/wp-json\/wp\/v2\/comments?post=50294"}],"version-history":[{"count":13,"href":"https:\/\/old.unisg.oiss.io\/en\/wp-json\/wp\/v2\/pages\/50294\/revisions"}],"predecessor-version":[{"id":64676,"href":"https:\/\/old.unisg.oiss.io\/en\/wp-json\/wp\/v2\/pages\/50294\/revisions\/64676"}],"up":[{"embeddable":true,"href":"https:\/\/old.unisg.oiss.io\/en\/wp-json\/wp\/v2\/pages\/44564"}],"wp:attachment":[{"href":"https:\/\/old.unisg.oiss.io\/en\/wp-json\/wp\/v2\/media?parent=50294"}],"curies":[{"name":"wp","href":"https:\/\/api.w.org\/{rel}","templated":true}]}}