{"id":64424,"date":"2022-06-07T15:13:46","date_gmt":"2022-06-07T13:13:46","guid":{"rendered":"https:\/\/old.unisg.oiss.io\/ex-alumni-network\/"},"modified":"2022-07-15T16:44:41","modified_gmt":"2022-07-15T14:44:41","slug":"unisg-alumni-network","status":"publish","type":"page","link":"https:\/\/old.unisg.oiss.io\/en\/unisg-alumni-network\/","title":{"rendered":"Alumni Network"},"content":{"rendered":"<h2><i><span style=\"font-weight: 400;\">The figure of the gastronome is quite recent and not yet fully known. In UNISG, students receive interdisciplinary training, not fully specializing in a single field.<\/span><\/i><\/h2>\n<p>&nbsp;<\/p>\n<h5><i><span style=\"font-weight: 400;\">But do gastronomes really do? Where does a UNISG graduate work at? There is not a single answer; below several examples of former student professions.<\/span><\/i><\/h5>\n<p>&nbsp;<\/p>\n<table style=\"height: 129px;\" width=\"815\">\n<tbody>\n<tr>\n<td width=\"114\"><img loading=\"lazy\" decoding=\"async\" class=\"alignnone size-medium wp-image-65339\" src=\"https:\/\/old.unisg.oiss.io\/assets\/Frncesca-Grazioli-296x300.png\" alt=\"\" width=\"296\" height=\"300\" srcset=\"https:\/\/old.unisg.oiss.io\/assets\/Frncesca-Grazioli-296x300.png 296w, https:\/\/old.unisg.oiss.io\/assets\/Frncesca-Grazioli-400x405.png 400w, https:\/\/old.unisg.oiss.io\/assets\/Frncesca-Grazioli.png 480w\" sizes=\"auto, (max-width: 296px) 100vw, 296px\" \/><\/td>\n<td width=\"529\">\n<p style=\"padding-left: 40px;\"><em>&#8220;A Pollenzo non mi si \u00e8 aperto un mondo, ma un sistema di multiuniversi; UNISG non ti d\u00e0 risposte, per\u00f2 ti d\u00e0 strumenti per affrontare la complessit\u00e0\u201d <\/em><\/p>\n<p style=\"padding-left: 40px;\"><em>Francesca Grazioli, Associate Scientist per Bioversity International.\u00a0<\/em><\/p>\n<\/td>\n<\/tr>\n<\/tbody>\n<\/table>\n<p>&nbsp;<\/p>\n","protected":false},"excerpt":{"rendered":"<p>The figure of the gastronome is quite recent and not yet fully known. In UNISG, students receive interdisciplinary training, not fully specializing in a single field. &nbsp; But do gastronomes really do? Where does a UNISG graduate work at? There is not a single answer; below several examples of former student professions. &nbsp; &#8220;A Pollenzo &hellip; <a class=\"read-more\" href=\"https:\/\/old.unisg.oiss.io\/en\/unisg-alumni-network\/\">&#8230;read more<\/a><\/p>\n","protected":false},"author":4,"featured_media":0,"parent":0,"menu_order":0,"comment_status":"closed","ping_status":"closed","template":"template-archive-aree-lavoro.php","meta":{"_acf_changed":false,"footnotes":""},"class_list":["post-64424","page","type-page","status-publish","hentry"],"acf":[],"yoast_head":"<!-- This site is optimized with the Yoast SEO plugin v25.4 - https:\/\/yoast.com\/wordpress\/plugins\/seo\/ -->\n<title>Alumni Network - UNISG - University of Gastronomic Sciences<\/title>\n<meta name=\"description\" content=\"The figure of the gastronome is quite recent and not yet fully known. In UNISG, students receive interdisciplinary training, not fully specializing in a\" \/>\n<meta name=\"robots\" content=\"noindex, follow, max-snippet:-1, max-image-preview:large, max-video-preview:-1\" \/>\n<meta property=\"og:locale\" content=\"en_US\" \/>\n<meta property=\"og:type\" content=\"article\" \/>\n<meta property=\"og:title\" content=\"Alumni Network - UNISG - University of Gastronomic Sciences\" \/>\n<meta property=\"og:description\" content=\"The figure of the gastronome is quite recent and not yet fully known. In UNISG, students receive interdisciplinary training, not fully specializing in a\" \/>\n<meta property=\"og:url\" content=\"https:\/\/old.unisg.oiss.io\/en\/unisg-alumni-network\/\" \/>\n<meta property=\"og:site_name\" content=\"UNISG - University of Gastronomic Sciences\" \/>\n<meta property=\"article:publisher\" content=\"https:\/\/www.facebook.com\/UNISG.University.of.Gastronomic.Sciences\" \/>\n<meta property=\"article:modified_time\" content=\"2022-07-15T14:44:41+00:00\" \/>\n<meta property=\"og:image\" content=\"https:\/\/old.unisg.oiss.io\/assets\/Frncesca-Grazioli-296x300.png\" \/>\n<meta name=\"twitter:card\" content=\"summary_large_image\" \/>\n<meta name=\"twitter:site\" content=\"@unisg\" \/>\n<meta name=\"twitter:label1\" content=\"Est. reading time\" \/>\n\t<meta name=\"twitter:data1\" content=\"1 minute\" \/>\n<script type=\"application\/ld+json\" class=\"yoast-schema-graph\">{\"@context\":\"https:\/\/schema.org\",\"@graph\":[{\"@type\":\"WebPage\",\"@id\":\"https:\/\/old.unisg.oiss.io\/en\/unisg-alumni-network\/\",\"url\":\"https:\/\/old.unisg.oiss.io\/en\/unisg-alumni-network\/\",\"name\":\"Alumni Network - UNISG - University of Gastronomic Sciences\",\"isPartOf\":{\"@id\":\"https:\/\/old.unisg.oiss.io\/en\/#website\"},\"primaryImageOfPage\":{\"@id\":\"https:\/\/old.unisg.oiss.io\/en\/unisg-alumni-network\/#primaryimage\"},\"image\":{\"@id\":\"https:\/\/old.unisg.oiss.io\/en\/unisg-alumni-network\/#primaryimage\"},\"thumbnailUrl\":\"https:\/\/old.unisg.oiss.io\/assets\/Frncesca-Grazioli-296x300.png\",\"datePublished\":\"2022-06-07T13:13:46+00:00\",\"dateModified\":\"2022-07-15T14:44:41+00:00\",\"description\":\"The figure of the gastronome is quite recent and not yet fully known. In UNISG, students receive interdisciplinary training, not fully specializing in a\",\"breadcrumb\":{\"@id\":\"https:\/\/old.unisg.oiss.io\/en\/unisg-alumni-network\/#breadcrumb\"},\"inLanguage\":\"en-US\",\"potentialAction\":[{\"@type\":\"ReadAction\",\"target\":[\"https:\/\/old.unisg.oiss.io\/en\/unisg-alumni-network\/\"]}]},{\"@type\":\"ImageObject\",\"inLanguage\":\"en-US\",\"@id\":\"https:\/\/old.unisg.oiss.io\/en\/unisg-alumni-network\/#primaryimage\",\"url\":\"https:\/\/old.unisg.oiss.io\/assets\/Frncesca-Grazioli-296x300.png\",\"contentUrl\":\"https:\/\/old.unisg.oiss.io\/assets\/Frncesca-Grazioli-296x300.png\"},{\"@type\":\"BreadcrumbList\",\"@id\":\"https:\/\/old.unisg.oiss.io\/en\/unisg-alumni-network\/#breadcrumb\",\"itemListElement\":[{\"@type\":\"ListItem\",\"position\":1,\"name\":\"Home\",\"item\":\"https:\/\/old.unisg.oiss.io\/en\/\"},{\"@type\":\"ListItem\",\"position\":2,\"name\":\"Alumni Network\"}]},{\"@type\":\"WebSite\",\"@id\":\"https:\/\/old.unisg.oiss.io\/en\/#website\",\"url\":\"https:\/\/old.unisg.oiss.io\/en\/\",\"name\":\"UNISG - University of Gastronomic Sciences\",\"description\":\"University of Gastronomic Sciences\",\"potentialAction\":[{\"@type\":\"SearchAction\",\"target\":{\"@type\":\"EntryPoint\",\"urlTemplate\":\"https:\/\/old.unisg.oiss.io\/en\/?s={search_term_string}\"},\"query-input\":{\"@type\":\"PropertyValueSpecification\",\"valueRequired\":true,\"valueName\":\"search_term_string\"}}],\"inLanguage\":\"en-US\"}]}<\/script>\n<!-- \/ Yoast SEO plugin. -->","yoast_head_json":{"title":"Alumni Network - UNISG - University of Gastronomic Sciences","description":"The figure of the gastronome is quite recent and not yet fully known. In UNISG, students receive interdisciplinary training, not fully specializing in a","robots":{"index":"noindex","follow":"follow","max-snippet":"max-snippet:-1","max-image-preview":"max-image-preview:large","max-video-preview":"max-video-preview:-1"},"og_locale":"en_US","og_type":"article","og_title":"Alumni Network - UNISG - University of Gastronomic Sciences","og_description":"The figure of the gastronome is quite recent and not yet fully known. In UNISG, students receive interdisciplinary training, not fully specializing in a","og_url":"https:\/\/old.unisg.oiss.io\/en\/unisg-alumni-network\/","og_site_name":"UNISG - University of Gastronomic Sciences","article_publisher":"https:\/\/www.facebook.com\/UNISG.University.of.Gastronomic.Sciences","article_modified_time":"2022-07-15T14:44:41+00:00","og_image":[{"url":"https:\/\/old.unisg.oiss.io\/assets\/Frncesca-Grazioli-296x300.png","type":"","width":"","height":""}],"twitter_card":"summary_large_image","twitter_site":"@unisg","twitter_misc":{"Est. reading time":"1 minute"},"schema":{"@context":"https:\/\/schema.org","@graph":[{"@type":"WebPage","@id":"https:\/\/old.unisg.oiss.io\/en\/unisg-alumni-network\/","url":"https:\/\/old.unisg.oiss.io\/en\/unisg-alumni-network\/","name":"Alumni Network - UNISG - University of Gastronomic Sciences","isPartOf":{"@id":"https:\/\/old.unisg.oiss.io\/en\/#website"},"primaryImageOfPage":{"@id":"https:\/\/old.unisg.oiss.io\/en\/unisg-alumni-network\/#primaryimage"},"image":{"@id":"https:\/\/old.unisg.oiss.io\/en\/unisg-alumni-network\/#primaryimage"},"thumbnailUrl":"https:\/\/old.unisg.oiss.io\/assets\/Frncesca-Grazioli-296x300.png","datePublished":"2022-06-07T13:13:46+00:00","dateModified":"2022-07-15T14:44:41+00:00","description":"The figure of the gastronome is quite recent and not yet fully known. In UNISG, students receive interdisciplinary training, not fully specializing in a","breadcrumb":{"@id":"https:\/\/old.unisg.oiss.io\/en\/unisg-alumni-network\/#breadcrumb"},"inLanguage":"en-US","potentialAction":[{"@type":"ReadAction","target":["https:\/\/old.unisg.oiss.io\/en\/unisg-alumni-network\/"]}]},{"@type":"ImageObject","inLanguage":"en-US","@id":"https:\/\/old.unisg.oiss.io\/en\/unisg-alumni-network\/#primaryimage","url":"https:\/\/old.unisg.oiss.io\/assets\/Frncesca-Grazioli-296x300.png","contentUrl":"https:\/\/old.unisg.oiss.io\/assets\/Frncesca-Grazioli-296x300.png"},{"@type":"BreadcrumbList","@id":"https:\/\/old.unisg.oiss.io\/en\/unisg-alumni-network\/#breadcrumb","itemListElement":[{"@type":"ListItem","position":1,"name":"Home","item":"https:\/\/old.unisg.oiss.io\/en\/"},{"@type":"ListItem","position":2,"name":"Alumni Network"}]},{"@type":"WebSite","@id":"https:\/\/old.unisg.oiss.io\/en\/#website","url":"https:\/\/old.unisg.oiss.io\/en\/","name":"UNISG - University of Gastronomic Sciences","description":"University of Gastronomic Sciences","potentialAction":[{"@type":"SearchAction","target":{"@type":"EntryPoint","urlTemplate":"https:\/\/old.unisg.oiss.io\/en\/?s={search_term_string}"},"query-input":{"@type":"PropertyValueSpecification","valueRequired":true,"valueName":"search_term_string"}}],"inLanguage":"en-US"}]}},"_links":{"self":[{"href":"https:\/\/old.unisg.oiss.io\/en\/wp-json\/wp\/v2\/pages\/64424","targetHints":{"allow":["GET"]}}],"collection":[{"href":"https:\/\/old.unisg.oiss.io\/en\/wp-json\/wp\/v2\/pages"}],"about":[{"href":"https:\/\/old.unisg.oiss.io\/en\/wp-json\/wp\/v2\/types\/page"}],"author":[{"embeddable":true,"href":"https:\/\/old.unisg.oiss.io\/en\/wp-json\/wp\/v2\/users\/4"}],"replies":[{"embeddable":true,"href":"https:\/\/old.unisg.oiss.io\/en\/wp-json\/wp\/v2\/comments?post=64424"}],"version-history":[{"count":12,"href":"https:\/\/old.unisg.oiss.io\/en\/wp-json\/wp\/v2\/pages\/64424\/revisions"}],"predecessor-version":[{"id":65390,"href":"https:\/\/old.unisg.oiss.io\/en\/wp-json\/wp\/v2\/pages\/64424\/revisions\/65390"}],"wp:attachment":[{"href":"https:\/\/old.unisg.oiss.io\/en\/wp-json\/wp\/v2\/media?parent=64424"}],"curies":[{"name":"wp","href":"https:\/\/api.w.org\/{rel}","templated":true}]}}